{"id":1873,"date":"2024-10-04T10:54:51","date_gmt":"2024-10-04T10:54:51","guid":{"rendered":"https:\/\/corazonexsolidarios.com\/?post_type=product&#038;p=1873"},"modified":"2025-09-22T20:28:13","modified_gmt":"2025-09-22T20:28:13","slug":"donacion-cubierto-iii-gala-solidaria","status":"publish","type":"product","link":"https:\/\/corazonexsolidarios.com\/index.php\/producto\/donacion-cubierto-iii-gala-solidaria\/","title":{"rendered":"Donaci\u00f3n Cubierto IV Gala Solidaria"},"content":{"rendered":"<p>Disfruta con nosotros de una gala llena de m\u00fasica y emoci\u00f3n, adem\u00e1s de colaborar con tu cubierto para esta IV Gala Solidaria y, as\u00ed, podamos seguir ayudando a familias de toda la regi\u00f3n.<\/p>\n<p>Son muchos los proyectos que llevamos a cabo gracias a vuestras donaciones y al tiempo que nos dedic\u00e1is. Pod\u00e9is ver algunos de ellos <a href=\"https:\/\/corazonexsolidarios.com\/index.php\/proyectos\/\">aqu\u00ed<\/a>.<\/p>\n","protected":false},"excerpt":{"rendered":"<p>Disfruta con nosotros de una gala llena de m\u00fasica y emoci\u00f3n, adem\u00e1s de colaborar con tu cubierto para esta IV Gala Solidaria y, as\u00ed, podamos seguir ayudando a familias de toda la regi\u00f3n. Son muchos los proyectos que llevamos a cabo gracias a vuestras donaciones y al tiempo que nos dedic\u00e1is. Pod\u00e9is ver algunos de ellos aqu\u00ed.<\/p>\n","protected":false},"featured_media":1831,"comment_status":"open","ping_status":"closed","template":"","meta":[],"product_brand":[],"product_cat":[21],"product_tag":[],"class_list":{"0":"post-1873","1":"product","2":"type-product","3":"status-publish","4":"has-post-thumbnail","6":"product_cat-sin-categorizar","8":"first","9":"instock","10":"shipping-taxable","11":"purchasable","12":"product-type-simple"},"yoast_head":"<!-- This site is optimized with the Yoast SEO plugin v27.4 - https:\/\/yoast.com\/product\/yoast-seo-wordpress\/ -->\n<title>Donaci\u00f3n Cubierto IV Gala Solidaria - Corazonex Solidarios<\/title>\n<meta name=\"description\" content=\"Disfruta con nosotros de una gala llena de m\u00fasica y emoci\u00f3n, adem\u00e1s de colaborar con tu cubierto para esta III Gala Solidaria y podamos seguir ayudando.\" \/>\n<meta name=\"robots\" content=\"index, follow, max-snippet:-1, max-image-preview:large, max-video-preview:-1\" \/>\n<link rel=\"canonical\" href=\"https:\/\/corazonexsolidarios.com\/index.php\/producto\/donacion-cubierto-iii-gala-solidaria\/\" \/>\n<meta property=\"og:locale\" content=\"es_ES\" \/>\n<meta property=\"og:type\" content=\"article\" \/>\n<meta property=\"og:title\" content=\"Donaci\u00f3n Cubierto IV Gala Solidaria - Corazonex Solidarios\" \/>\n<meta property=\"og:description\" content=\"Disfruta con nosotros de una gala llena de m\u00fasica y emoci\u00f3n, adem\u00e1s de colaborar con tu cubierto para esta III Gala Solidaria y podamos seguir ayudando.\" \/>\n<meta property=\"og:url\" content=\"https:\/\/corazonexsolidarios.com\/index.php\/producto\/donacion-cubierto-iii-gala-solidaria\/\" \/>\n<meta property=\"og:site_name\" content=\"Corazonex Solidarios\" \/>\n<meta property=\"article:publisher\" content=\"https:\/\/www.facebook.com\/Corazonexsolidarios\" \/>\n<meta property=\"article:modified_time\" content=\"2025-09-22T20:28:13+00:00\" \/>\n<meta property=\"og:image\" content=\"https:\/\/corazonexsolidarios.com\/wp-content\/uploads\/2024\/09\/cartel.jpeg\" \/>\n\t<meta property=\"og:image:width\" content=\"1280\" \/>\n\t<meta property=\"og:image:height\" content=\"1280\" \/>\n\t<meta property=\"og:image:type\" content=\"image\/jpeg\" \/>\n<meta name=\"twitter:card\" content=\"summary_large_image\" \/>\n<meta name=\"twitter:label1\" content=\"Tiempo de lectura\" \/>\n\t<meta name=\"twitter:data1\" content=\"1 minuto\" \/>\n<script type=\"application\/ld+json\" class=\"yoast-schema-graph\">{\"@context\":\"https:\\\/\\\/schema.org\",\"@graph\":[{\"@type\":\"WebPage\",\"@id\":\"https:\\\/\\\/corazonexsolidarios.com\\\/index.php\\\/producto\\\/donacion-cubierto-iii-gala-solidaria\\\/\",\"url\":\"https:\\\/\\\/corazonexsolidarios.com\\\/index.php\\\/producto\\\/donacion-cubierto-iii-gala-solidaria\\\/\",\"name\":\"Donaci\u00f3n Cubierto IV Gala Solidaria - Corazonex Solidarios\",\"isPartOf\":{\"@id\":\"https:\\\/\\\/corazonexsolidarios.com\\\/#website\"},\"primaryImageOfPage\":{\"@id\":\"https:\\\/\\\/corazonexsolidarios.com\\\/index.php\\\/producto\\\/donacion-cubierto-iii-gala-solidaria\\\/#primaryimage\"},\"image\":{\"@id\":\"https:\\\/\\\/corazonexsolidarios.com\\\/index.php\\\/producto\\\/donacion-cubierto-iii-gala-solidaria\\\/#primaryimage\"},\"thumbnailUrl\":\"https:\\\/\\\/corazonexsolidarios.com\\\/wp-content\\\/uploads\\\/2024\\\/09\\\/cartel.jpeg\",\"datePublished\":\"2024-10-04T10:54:51+00:00\",\"dateModified\":\"2025-09-22T20:28:13+00:00\",\"description\":\"Disfruta con nosotros de una gala llena de m\u00fasica y emoci\u00f3n, adem\u00e1s de colaborar con tu cubierto para esta III Gala Solidaria y podamos seguir ayudando.\",\"breadcrumb\":{\"@id\":\"https:\\\/\\\/corazonexsolidarios.com\\\/index.php\\\/producto\\\/donacion-cubierto-iii-gala-solidaria\\\/#breadcrumb\"},\"inLanguage\":\"es\",\"potentialAction\":[{\"@type\":\"ReadAction\",\"target\":[\"https:\\\/\\\/corazonexsolidarios.com\\\/index.php\\\/producto\\\/donacion-cubierto-iii-gala-solidaria\\\/\"]}]},{\"@type\":\"ImageObject\",\"inLanguage\":\"es\",\"@id\":\"https:\\\/\\\/corazonexsolidarios.com\\\/index.php\\\/producto\\\/donacion-cubierto-iii-gala-solidaria\\\/#primaryimage\",\"url\":\"https:\\\/\\\/corazonexsolidarios.com\\\/wp-content\\\/uploads\\\/2024\\\/09\\\/cartel.jpeg\",\"contentUrl\":\"https:\\\/\\\/corazonexsolidarios.com\\\/wp-content\\\/uploads\\\/2024\\\/09\\\/cartel.jpeg\",\"width\":1280,\"height\":1280,\"caption\":\"Cartel Oficial III Gala Solidaria\"},{\"@type\":\"BreadcrumbList\",\"@id\":\"https:\\\/\\\/corazonexsolidarios.com\\\/index.php\\\/producto\\\/donacion-cubierto-iii-gala-solidaria\\\/#breadcrumb\",\"itemListElement\":[{\"@type\":\"ListItem\",\"position\":1,\"name\":\"Portada\",\"item\":\"https:\\\/\\\/corazonexsolidarios.com\\\/\"},{\"@type\":\"ListItem\",\"position\":2,\"name\":\"Tienda\",\"item\":\"https:\\\/\\\/corazonexsolidarios.com\\\/index.php\\\/tienda\\\/\"},{\"@type\":\"ListItem\",\"position\":3,\"name\":\"Donaci\u00f3n Cubierto IV Gala Solidaria\"}]},{\"@type\":\"WebSite\",\"@id\":\"https:\\\/\\\/corazonexsolidarios.com\\\/#website\",\"url\":\"https:\\\/\\\/corazonexsolidarios.com\\\/\",\"name\":\"Corazonex Solidarios\",\"description\":\"Ning\u00fan ni\u00f1o sin ilusi\u00f3n\",\"publisher\":{\"@id\":\"https:\\\/\\\/corazonexsolidarios.com\\\/#organization\"},\"potentialAction\":[{\"@type\":\"SearchAction\",\"target\":{\"@type\":\"EntryPoint\",\"urlTemplate\":\"https:\\\/\\\/corazonexsolidarios.com\\\/?s={search_term_string}\"},\"query-input\":{\"@type\":\"PropertyValueSpecification\",\"valueRequired\":true,\"valueName\":\"search_term_string\"}}],\"inLanguage\":\"es\"},{\"@type\":\"Organization\",\"@id\":\"https:\\\/\\\/corazonexsolidarios.com\\\/#organization\",\"name\":\"Corazonex Solidarios\",\"url\":\"https:\\\/\\\/corazonexsolidarios.com\\\/\",\"logo\":{\"@type\":\"ImageObject\",\"inLanguage\":\"es\",\"@id\":\"https:\\\/\\\/corazonexsolidarios.com\\\/#\\\/schema\\\/logo\\\/image\\\/\",\"url\":\"https:\\\/\\\/corazonexsolidarios.com\\\/wp-content\\\/uploads\\\/2023\\\/10\\\/cropped-cropped-LogoCorazonex.png\",\"contentUrl\":\"https:\\\/\\\/corazonexsolidarios.com\\\/wp-content\\\/uploads\\\/2023\\\/10\\\/cropped-cropped-LogoCorazonex.png\",\"width\":706,\"height\":272,\"caption\":\"Corazonex Solidarios\"},\"image\":{\"@id\":\"https:\\\/\\\/corazonexsolidarios.com\\\/#\\\/schema\\\/logo\\\/image\\\/\"},\"sameAs\":[\"https:\\\/\\\/www.facebook.com\\\/Corazonexsolidarios\",\"https:\\\/\\\/www.instagram.com\\\/corazonexsolidarios\\\/\"]}]}<\/script>\n<!-- \/ Yoast SEO plugin. -->","yoast_head_json":{"title":"Donaci\u00f3n Cubierto IV Gala Solidaria - Corazonex Solidarios","description":"Disfruta con nosotros de una gala llena de m\u00fasica y emoci\u00f3n, adem\u00e1s de colaborar con tu cubierto para esta III Gala Solidaria y podamos seguir ayudando.","robots":{"index":"index","follow":"follow","max-snippet":"max-snippet:-1","max-image-preview":"max-image-preview:large","max-video-preview":"max-video-preview:-1"},"canonical":"https:\/\/corazonexsolidarios.com\/index.php\/producto\/donacion-cubierto-iii-gala-solidaria\/","og_locale":"es_ES","og_type":"article","og_title":"Donaci\u00f3n Cubierto IV Gala Solidaria - Corazonex Solidarios","og_description":"Disfruta con nosotros de una gala llena de m\u00fasica y emoci\u00f3n, adem\u00e1s de colaborar con tu cubierto para esta III Gala Solidaria y podamos seguir ayudando.","og_url":"https:\/\/corazonexsolidarios.com\/index.php\/producto\/donacion-cubierto-iii-gala-solidaria\/","og_site_name":"Corazonex Solidarios","article_publisher":"https:\/\/www.facebook.com\/Corazonexsolidarios","article_modified_time":"2025-09-22T20:28:13+00:00","og_image":[{"width":1280,"height":1280,"url":"https:\/\/corazonexsolidarios.com\/wp-content\/uploads\/2024\/09\/cartel.jpeg","type":"image\/jpeg"}],"twitter_card":"summary_large_image","twitter_misc":{"Tiempo de lectura":"1 minuto"},"schema":{"@context":"https:\/\/schema.org","@graph":[{"@type":"WebPage","@id":"https:\/\/corazonexsolidarios.com\/index.php\/producto\/donacion-cubierto-iii-gala-solidaria\/","url":"https:\/\/corazonexsolidarios.com\/index.php\/producto\/donacion-cubierto-iii-gala-solidaria\/","name":"Donaci\u00f3n Cubierto IV Gala Solidaria - Corazonex Solidarios","isPartOf":{"@id":"https:\/\/corazonexsolidarios.com\/#website"},"primaryImageOfPage":{"@id":"https:\/\/corazonexsolidarios.com\/index.php\/producto\/donacion-cubierto-iii-gala-solidaria\/#primaryimage"},"image":{"@id":"https:\/\/corazonexsolidarios.com\/index.php\/producto\/donacion-cubierto-iii-gala-solidaria\/#primaryimage"},"thumbnailUrl":"https:\/\/corazonexsolidarios.com\/wp-content\/uploads\/2024\/09\/cartel.jpeg","datePublished":"2024-10-04T10:54:51+00:00","dateModified":"2025-09-22T20:28:13+00:00","description":"Disfruta con nosotros de una gala llena de m\u00fasica y emoci\u00f3n, adem\u00e1s de colaborar con tu cubierto para esta III Gala Solidaria y podamos seguir ayudando.","breadcrumb":{"@id":"https:\/\/corazonexsolidarios.com\/index.php\/producto\/donacion-cubierto-iii-gala-solidaria\/#breadcrumb"},"inLanguage":"es","potentialAction":[{"@type":"ReadAction","target":["https:\/\/corazonexsolidarios.com\/index.php\/producto\/donacion-cubierto-iii-gala-solidaria\/"]}]},{"@type":"ImageObject","inLanguage":"es","@id":"https:\/\/corazonexsolidarios.com\/index.php\/producto\/donacion-cubierto-iii-gala-solidaria\/#primaryimage","url":"https:\/\/corazonexsolidarios.com\/wp-content\/uploads\/2024\/09\/cartel.jpeg","contentUrl":"https:\/\/corazonexsolidarios.com\/wp-content\/uploads\/2024\/09\/cartel.jpeg","width":1280,"height":1280,"caption":"Cartel Oficial III Gala Solidaria"},{"@type":"BreadcrumbList","@id":"https:\/\/corazonexsolidarios.com\/index.php\/producto\/donacion-cubierto-iii-gala-solidaria\/#breadcrumb","itemListElement":[{"@type":"ListItem","position":1,"name":"Portada","item":"https:\/\/corazonexsolidarios.com\/"},{"@type":"ListItem","position":2,"name":"Tienda","item":"https:\/\/corazonexsolidarios.com\/index.php\/tienda\/"},{"@type":"ListItem","position":3,"name":"Donaci\u00f3n Cubierto IV Gala Solidaria"}]},{"@type":"WebSite","@id":"https:\/\/corazonexsolidarios.com\/#website","url":"https:\/\/corazonexsolidarios.com\/","name":"Corazonex Solidarios","description":"Ning\u00fan ni\u00f1o sin ilusi\u00f3n","publisher":{"@id":"https:\/\/corazonexsolidarios.com\/#organization"},"potentialAction":[{"@type":"SearchAction","target":{"@type":"EntryPoint","urlTemplate":"https:\/\/corazonexsolidarios.com\/?s={search_term_string}"},"query-input":{"@type":"PropertyValueSpecification","valueRequired":true,"valueName":"search_term_string"}}],"inLanguage":"es"},{"@type":"Organization","@id":"https:\/\/corazonexsolidarios.com\/#organization","name":"Corazonex Solidarios","url":"https:\/\/corazonexsolidarios.com\/","logo":{"@type":"ImageObject","inLanguage":"es","@id":"https:\/\/corazonexsolidarios.com\/#\/schema\/logo\/image\/","url":"https:\/\/corazonexsolidarios.com\/wp-content\/uploads\/2023\/10\/cropped-cropped-LogoCorazonex.png","contentUrl":"https:\/\/corazonexsolidarios.com\/wp-content\/uploads\/2023\/10\/cropped-cropped-LogoCorazonex.png","width":706,"height":272,"caption":"Corazonex Solidarios"},"image":{"@id":"https:\/\/corazonexsolidarios.com\/#\/schema\/logo\/image\/"},"sameAs":["https:\/\/www.facebook.com\/Corazonexsolidarios","https:\/\/www.instagram.com\/corazonexsolidarios\/"]}]}},"_links":{"self":[{"href":"https:\/\/corazonexsolidarios.com\/index.php\/wp-json\/wp\/v2\/product\/1873","targetHints":{"allow":["GET"]}}],"collection":[{"href":"https:\/\/corazonexsolidarios.com\/index.php\/wp-json\/wp\/v2\/product"}],"about":[{"href":"https:\/\/corazonexsolidarios.com\/index.php\/wp-json\/wp\/v2\/types\/product"}],"replies":[{"embeddable":true,"href":"https:\/\/corazonexsolidarios.com\/index.php\/wp-json\/wp\/v2\/comments?post=1873"}],"wp:featuredmedia":[{"embeddable":true,"href":"https:\/\/corazonexsolidarios.com\/index.php\/wp-json\/wp\/v2\/media\/1831"}],"wp:attachment":[{"href":"https:\/\/corazonexsolidarios.com\/index.php\/wp-json\/wp\/v2\/media?parent=1873"}],"wp:term":[{"taxonomy":"product_brand","embeddable":true,"href":"https:\/\/corazonexsolidarios.com\/index.php\/wp-json\/wp\/v2\/product_brand?post=1873"},{"taxonomy":"product_cat","embeddable":true,"href":"https:\/\/corazonexsolidarios.com\/index.php\/wp-json\/wp\/v2\/product_cat?post=1873"},{"taxonomy":"product_tag","embeddable":true,"href":"https:\/\/corazonexsolidarios.com\/index.php\/wp-json\/wp\/v2\/product_tag?post=1873"}],"curies":[{"name":"wp","href":"https:\/\/api.w.org\/{rel}","templated":true}]}}